{"id":25040,"date":"2018-04-17T10:39:59","date_gmt":"2018-04-17T10:39:59","guid":{"rendered":"http:\/\/infotrio.pt\/index.php\/quem-somos-copy\/"},"modified":"2022-09-01T09:34:30","modified_gmt":"2022-09-01T09:34:30","slug":"servicos","status":"publish","type":"page","link":"https:\/\/www.infotrio.pt\/index.php\/servicos\/","title":{"rendered":"Servi\u00e7os"},"content":{"rendered":"<p>[vc_row][vc_column][vc_custom_heading text=&#8221;O seu computador ou tablet est\u00e1 com problemas?&#8221; font_container=&#8221;tag:h4|text_align:center&#8221; use_theme_fonts=&#8221;yes&#8221; css=&#8221;.vc_custom_1523962706018{margin-bottom: 0px !important;padding-bottom: 0px !important;}&#8221;][vc_custom_heading text=&#8221;\/\/ SERVI\u00c7OS DE HARDWARE E SOFTWARE \/\/&#8221; font_container=&#8221;tag:h5|text_align:center&#8221; use_theme_fonts=&#8221;yes&#8221; css=&#8221;.vc_custom_1523962990910{margin-top: 10px !important;margin-bottom: -20px !important;padding-top: 0px !important;padding-bottom: 0px !important;}&#8221; el_class=&#8221;strong&#8221;]<div class=\"gem-button-container gem-button-position-center\"><a class=\"gem-button gem-button-size-large gem-button-style-flat gem-button-text-weight-normal\" style=\"border-radius: 10px;background-color: #4cadc9;color: #ffffff;\" onmouseleave=\"this.style.backgroundColor='#4cadc9';this.style.color='#ffffff';\" onmouseenter=\"this.style.backgroundColor='#ededed';this.style.color='#4cadc9';\" href=\"http:\/\/infotrio.pt\/index.php\/contactos\/\" target=\"_self\">Fale connosco<\/a><\/div> [\/vc_column][\/vc_row][vc_row][vc_column width=&#8221;1\/2&#8243;][vc_icon icon_fontawesome=&#8221;fa fa-television&#8221; color=&#8221;custom&#8221; background_style=&#8221;rounded&#8221; background_color=&#8221;peacoc&#8221; size=&#8221;xl&#8221; align=&#8221;center&#8221; custom_color=&#8221;#ffffff&#8221;][vc_custom_heading text=&#8221;Desktops &amp; Port\u00e1teis&#8221; font_container=&#8221;tag:h2|text_align:center&#8221; use_theme_fonts=&#8221;yes&#8221;][vc_column_text]<\/p>\n<p style=\"text-align: center;\">Formata\u00e7\u00e3o e Instala\u00e7\u00e3o SO Windows<br \/>\nConfigura\u00e7\u00f5es<br \/>\nSubstitui\u00e7\u00f5es de componentes<br \/>\nLimpeza interna<br \/>\nRepara\u00e7\u00e3o chip gr\u00e1fica<br \/>\nSubstitui\u00e7\u00e3o de LCD<br \/>\nSubstitui\u00e7\u00e3o do teclado<br \/>\nSubst. disco rigidos<\/p>\n<p>[\/vc_column_text][\/vc_column][vc_column width=&#8221;1\/2&#8243;][vc_icon icon_fontawesome=&#8221;fa fa-cog&#8221; color=&#8221;custom&#8221; background_style=&#8221;rounded&#8221; background_color=&#8221;peacoc&#8221; size=&#8221;xl&#8221; align=&#8221;center&#8221; custom_color=&#8221;#ffffff&#8221;][vc_custom_heading text=&#8221;Outros<br \/>\nservi\u00e7os&#8221; font_container=&#8221;tag:h2|text_align:center&#8221; use_theme_fonts=&#8221;yes&#8221;][vc_column_text]<\/p>\n<p style=\"text-align: center;\">Updates<br \/>\nBackup de dados<br \/>\nTestes de aquecimento<br \/>\nTestamos o HDD<br \/>\nCheckup de mem\u00f3ria<br \/>\nInstala\u00e7\u00e3o de softwares<br \/>\nBackup de dados \/ recupera\u00e7\u00e3o<\/p>\n<p>[\/vc_column_text][\/vc_column][\/vc_row][vc_row][vc_column]<div class=\"preloader\"><div class=\"preloader-spin\"><\/div><\/div> <div class=\"gallery-preloader-wrapper\"> <div class=\"row\" style=\"margin-top: -21px\"> <div class=\"gaps-margin gallery-style-justified gem-gallery-grid col-lg-12 col-md-12 col-sm-12 columns-4 hover-default item-animation-move-up \" data-hover=\"default\"> <ul style=\"margin-left: -21px; margin-right: -21px;\" class=\"gallery-set clearfix\" data-max-row-height=\"280\"> <li style=\"padding: 21px\" class=\"gallery-item col-lg-3 col-md-3 col-sm-4 col-xs-6 item-animations-not-inited post-25040 page type-page status-publish hentry\"> <div class=\"wrap gem-wrapbox-style-default\"> <div class=\"overlay-wrap\"> <div class=\"image-wrap \"> <picture> <source srcset=\"https:\/\/www.infotrio.pt\/wp-content\/uploads\/2018\/04\/Motherboard-Repair-350x233.jpg 1x, https:\/\/www.infotrio.pt\/wp-content\/uploads\/2018\/04\/Motherboard-Repair-350x233.jpg 2x\" media=\"(max-width: 550px)\" sizes=\"100vw\"> <source srcset=\"https:\/\/www.infotrio.pt\/wp-content\/uploads\/2018\/04\/Motherboard-Repair-350x233.jpg 1x, https:\/\/www.infotrio.pt\/wp-content\/uploads\/2018\/04\/Motherboard-Repair-350x233.jpg 2x\" media=\"(max-width: 1100px)\" sizes=\"100vw\"> <source srcset=\"https:\/\/www.infotrio.pt\/wp-content\/uploads\/2018\/04\/Motherboard-Repair-350x233-thegem-gallery-justified-4x.jpg 1x, https:\/\/www.infotrio.pt\/wp-content\/uploads\/2018\/04\/Motherboard-Repair-350x233.jpg 2x\" media=\"(max-width: 1920px)\" sizes=\"100vw\"> <img src=\"https:\/\/www.infotrio.pt\/wp-content\/uploads\/2018\/04\/Motherboard-Repair-350x233.jpg\" width=\"350\" height=\"233\" class=\"attachment-thegem-gallery-justified\" alt=\"Motherboard-Repair-350x233\" \/> <\/picture> <\/div> <div class=\"overlay \"> <div class=\"overlay-circle\"><\/div> <a href=\"https:\/\/www.infotrio.pt\/wp-content\/uploads\/2018\/04\/Motherboard-Repair-350x233.jpg\" class=\"gallery-item-link fancy-gallery\" data-fancybox=\"gallery-69f60b304f388\"> <span class=\"slide-info\"> <\/span> <\/a> <div class=\"overlay-content\"> <div class=\"overlay-content-center\"> <div class=\"overlay-content-inner\"> <a href=\"https:\/\/www.infotrio.pt\/wp-content\/uploads\/2018\/04\/Motherboard-Repair-350x233.jpg\" class=\"icon photo \" > <\/a> <div class=\"overlay-line\"><\/div> <\/div> <\/div> <\/div> <\/div> <\/div> <\/div> <\/li> <li style=\"padding: 21px\" class=\"gallery-item col-lg-3 col-md-3 col-sm-4 col-xs-6 item-animations-not-inited post-25040 page type-page status-publish hentry\"> <div class=\"wrap gem-wrapbox-style-default\"> <div class=\"overlay-wrap\"> <div class=\"image-wrap \"> <picture> <source srcset=\"https:\/\/www.infotrio.pt\/wp-content\/uploads\/2018\/04\/service01-350x233.jpg 1x, https:\/\/www.infotrio.pt\/wp-content\/uploads\/2018\/04\/service01-350x233.jpg 2x\" media=\"(max-width: 550px)\" sizes=\"100vw\"> <source srcset=\"https:\/\/www.infotrio.pt\/wp-content\/uploads\/2018\/04\/service01-350x233.jpg 1x, https:\/\/www.infotrio.pt\/wp-content\/uploads\/2018\/04\/service01-350x233.jpg 2x\" media=\"(max-width: 1100px)\" sizes=\"100vw\"> <source srcset=\"https:\/\/www.infotrio.pt\/wp-content\/uploads\/2018\/04\/service01-350x233-thegem-gallery-justified-4x.jpg 1x, https:\/\/www.infotrio.pt\/wp-content\/uploads\/2018\/04\/service01-350x233.jpg 2x\" media=\"(max-width: 1920px)\" sizes=\"100vw\"> <img src=\"https:\/\/www.infotrio.pt\/wp-content\/uploads\/2018\/04\/service01-350x233.jpg\" width=\"350\" height=\"233\" class=\"attachment-thegem-gallery-justified\" alt=\"service01-350x233\" \/> <\/picture> <\/div> <div class=\"overlay \"> <div class=\"overlay-circle\"><\/div> <a href=\"https:\/\/www.infotrio.pt\/wp-content\/uploads\/2018\/04\/service01-350x233.jpg\" class=\"gallery-item-link fancy-gallery\" data-fancybox=\"gallery-69f60b304f388\"> <span class=\"slide-info\"> <\/span> <\/a> <div class=\"overlay-content\"> <div class=\"overlay-content-center\"> <div class=\"overlay-content-inner\"> <a href=\"https:\/\/www.infotrio.pt\/wp-content\/uploads\/2018\/04\/service01-350x233.jpg\" class=\"icon photo \" > <\/a> <div class=\"overlay-line\"><\/div> <\/div> <\/div> <\/div> <\/div> <\/div> <\/div> <\/li> <li style=\"padding: 21px\" class=\"gallery-item col-lg-3 col-md-3 col-sm-4 col-xs-6 item-animations-not-inited post-25040 page type-page status-publish hentry\"> <div class=\"wrap gem-wrapbox-style-default\"> <div class=\"overlay-wrap\"> <div class=\"image-wrap \"> <picture> <source srcset=\"https:\/\/www.infotrio.pt\/wp-content\/uploads\/2018\/04\/tfnchBFIlhgNqeA-350x233.jpeg 1x, https:\/\/www.infotrio.pt\/wp-content\/uploads\/2018\/04\/tfnchBFIlhgNqeA-350x233.jpeg 2x\" media=\"(max-width: 550px)\" sizes=\"100vw\"> <source srcset=\"https:\/\/www.infotrio.pt\/wp-content\/uploads\/2018\/04\/tfnchBFIlhgNqeA-350x233.jpeg 1x, https:\/\/www.infotrio.pt\/wp-content\/uploads\/2018\/04\/tfnchBFIlhgNqeA-350x233.jpeg 2x\" media=\"(max-width: 1100px)\" sizes=\"100vw\"> <source srcset=\"https:\/\/www.infotrio.pt\/wp-content\/uploads\/2018\/04\/tfnchBFIlhgNqeA-350x233-thegem-gallery-justified-4x.jpeg 1x, https:\/\/www.infotrio.pt\/wp-content\/uploads\/2018\/04\/tfnchBFIlhgNqeA-350x233.jpeg 2x\" media=\"(max-width: 1920px)\" sizes=\"100vw\"> <img src=\"https:\/\/www.infotrio.pt\/wp-content\/uploads\/2018\/04\/tfnchBFIlhgNqeA-350x233.jpeg\" width=\"350\" height=\"233\" class=\"attachment-thegem-gallery-justified\" alt=\"tfnchBFIlhgNqeA-350x233\" \/> <\/picture> <\/div> <div class=\"overlay \"> <div class=\"overlay-circle\"><\/div> <a href=\"https:\/\/www.infotrio.pt\/wp-content\/uploads\/2018\/04\/tfnchBFIlhgNqeA-350x233.jpeg\" class=\"gallery-item-link fancy-gallery\" data-fancybox=\"gallery-69f60b304f388\"> <span class=\"slide-info\"> <\/span> <\/a> <div class=\"overlay-content\"> <div class=\"overlay-content-center\"> <div class=\"overlay-content-inner\"> <a href=\"https:\/\/www.infotrio.pt\/wp-content\/uploads\/2018\/04\/tfnchBFIlhgNqeA-350x233.jpeg\" class=\"icon photo \" > <\/a> <div class=\"overlay-line\"><\/div> <\/div> <\/div> <\/div> <\/div> <\/div> <\/div> <\/li> <li style=\"padding: 21px\" class=\"gallery-item col-lg-3 col-md-3 col-sm-4 col-xs-6 item-animations-not-inited post-25040 page type-page status-publish hentry\"> <div class=\"wrap gem-wrapbox-style-default\"> <div class=\"overlay-wrap\"> <div class=\"image-wrap \"> <picture> <source srcset=\"https:\/\/www.infotrio.pt\/wp-content\/uploads\/2018\/04\/tv-repair-350x233.jpg 1x, https:\/\/www.infotrio.pt\/wp-content\/uploads\/2018\/04\/tv-repair-350x233.jpg 2x\" media=\"(max-width: 550px)\" sizes=\"100vw\"> <source srcset=\"https:\/\/www.infotrio.pt\/wp-content\/uploads\/2018\/04\/tv-repair-350x233.jpg 1x, https:\/\/www.infotrio.pt\/wp-content\/uploads\/2018\/04\/tv-repair-350x233.jpg 2x\" media=\"(max-width: 1100px)\" sizes=\"100vw\"> <source srcset=\"https:\/\/www.infotrio.pt\/wp-content\/uploads\/2018\/04\/tv-repair-350x233-thegem-gallery-justified-4x.jpg 1x, https:\/\/www.infotrio.pt\/wp-content\/uploads\/2018\/04\/tv-repair-350x233.jpg 2x\" media=\"(max-width: 1920px)\" sizes=\"100vw\"> <img src=\"https:\/\/www.infotrio.pt\/wp-content\/uploads\/2018\/04\/tv-repair-350x233.jpg\" width=\"350\" height=\"233\" class=\"attachment-thegem-gallery-justified\" alt=\"tv-repair-350x233\" \/> <\/picture> <\/div> <div class=\"overlay \"> <div class=\"overlay-circle\"><\/div> <a href=\"https:\/\/www.infotrio.pt\/wp-content\/uploads\/2018\/04\/tv-repair-350x233.jpg\" class=\"gallery-item-link fancy-gallery\" data-fancybox=\"gallery-69f60b304f388\"> <span class=\"slide-info\"> <\/span> <\/a> <div class=\"overlay-content\"> <div class=\"overlay-content-center\"> <div class=\"overlay-content-inner\"> <a href=\"https:\/\/www.infotrio.pt\/wp-content\/uploads\/2018\/04\/tv-repair-350x233.jpg\" class=\"icon photo \" > <\/a> <div class=\"overlay-line\"><\/div> <\/div> <\/div> <\/div> <\/div> <\/div> <\/div> <\/li> <\/ul> <\/div> <\/div> <\/div>[\/vc_column][\/vc_row]<\/p>\n","protected":false},"excerpt":{"rendered":"<p>[vc_row][vc_column][vc_custom_heading text=&#8221;O seu computador ou tablet est\u00e1 com problemas?&#8221; font_container=&#8221;tag:h4|text_align:center&#8221; use_theme_fonts=&#8221;yes&#8221; css=&#8221;.vc_custom_1523962706018{margin-bottom: 0px !important;padding-bottom: 0px !important;}&#8221;][vc_custom_heading text=&#8221;\/\/ SERVI\u00c7OS DE HARDWARE&#8230;<\/p>\n","protected":false},"author":1,"featured_media":0,"parent":0,"menu_order":0,"comment_status":"closed","ping_status":"closed","template":"","meta":[],"_links":{"self":[{"href":"https:\/\/www.infotrio.pt\/index.php\/wp-json\/wp\/v2\/pages\/25040"}],"collection":[{"href":"https:\/\/www.infotrio.pt\/index.php\/wp-json\/wp\/v2\/pages"}],"about":[{"href":"https:\/\/www.infotrio.pt\/index.php\/wp-json\/wp\/v2\/types\/page"}],"author":[{"embeddable":true,"href":"https:\/\/www.infotrio.pt\/index.php\/wp-json\/wp\/v2\/users\/1"}],"replies":[{"embeddable":true,"href":"https:\/\/www.infotrio.pt\/index.php\/wp-json\/wp\/v2\/comments?post=25040"}],"version-history":[{"count":23,"href":"https:\/\/www.infotrio.pt\/index.php\/wp-json\/wp\/v2\/pages\/25040\/revisions"}],"predecessor-version":[{"id":25184,"href":"https:\/\/www.infotrio.pt\/index.php\/wp-json\/wp\/v2\/pages\/25040\/revisions\/25184"}],"wp:attachment":[{"href":"https:\/\/www.infotrio.pt\/index.php\/wp-json\/wp\/v2\/media?parent=25040"}],"curies":[{"name":"wp","href":"https:\/\/api.w.org\/{rel}","templated":true}]}}